{"id":329,"date":"2018-07-23T22:16:35","date_gmt":"2018-07-23T22:16:35","guid":{"rendered":"http:\/\/lamazatleca.com\/sp\/?page_id=329"},"modified":"2023-10-06T18:45:44","modified_gmt":"2023-10-06T18:45:44","slug":"contacto","status":"publish","type":"page","link":"https:\/\/lamazatleca.com\/sp\/contacto\/","title":{"rendered":"Contacto"},"content":{"rendered":"\t\t<div data-elementor-type=\"wp-post\" data-elementor-id=\"329\" class=\"elementor elementor-329\">\n\t\t\t\t\t\t<section class=\"elementor-section elementor-top-section elementor-element elementor-element-139d0040 elementor-section-stretched elementor-section-height-min-height elementor-section-boxed elementor-section-height-default elementor-section-items-middle\" data-id=\"139d0040\" data-element_type=\"section\" data-e-type=\"section\" data-settings=\"{&quot;stretch_section&quot;:&quot;section-stretched&quot;,&quot;background_background&quot;:&quot;classic&quot;}\">\n\t\t\t\t\t\t<div class=\"elementor-container elementor-column-gap-default\">\n\t\t\t\t\t<div class=\"elementor-column elementor-col-100 elementor-top-column elementor-element elementor-element-459e45d4\" data-id=\"459e45d4\" data-element_type=\"column\" data-e-type=\"column\">\n\t\t\t<div class=\"elementor-widget-wrap elementor-element-populated\">\n\t\t\t\t\t\t\t<\/div>\n\t\t<\/div>\n\t\t\t\t\t<\/div>\n\t\t<\/section>\n\t\t\t\t<section class=\"elementor-section elementor-top-section elementor-element elementor-element-a95e2da elementor-section-height-full elementor-section-boxed elementor-section-height-default elementor-section-items-middle\" data-id=\"a95e2da\" data-element_type=\"section\" data-e-type=\"section\">\n\t\t\t\t\t\t<div class=\"elementor-container elementor-column-gap-default\">\n\t\t\t\t\t<div class=\"elementor-column elementor-col-50 elementor-top-column elementor-element elementor-element-034caad\" data-id=\"034caad\" data-element_type=\"column\" data-e-type=\"column\">\n\t\t\t<div class=\"elementor-widget-wrap elementor-element-populated\">\n\t\t\t\t\t\t<div class=\"elementor-element elementor-element-7c38abf elementor-widget elementor-widget-heading\" data-id=\"7c38abf\" data-element_type=\"widget\" data-e-type=\"widget\" data-widget_type=\"heading.default\">\n\t\t\t\t<div class=\"elementor-widget-container\">\n\t\t\t\t\t<h2 class=\"elementor-heading-title elementor-size-default\">Informes \u00f3 reservaciones<\/h2>\t\t\t\t<\/div>\n\t\t\t\t<\/div>\n\t\t\t\t<div class=\"elementor-element elementor-element-77ec73a elementor-widget elementor-widget-text-editor\" data-id=\"77ec73a\" data-element_type=\"widget\" data-e-type=\"widget\" data-widget_type=\"text-editor.default\">\n\t\t\t\t<div class=\"elementor-widget-container\">\n\t\t\t\t\t\t\t\t\t<h2>Tel. 8140585427<\/h2><p>Pregunte por nuestros paquetes para eventos especiales; sociales o empresariales.\u00a0<\/p><hr \/><p><strong>HORARIO<\/strong><br \/>8 am &#8211; 12 pm.<br \/>De Lunes a Domingo.<\/p><hr \/>\t\t\t\t\t\t\t\t<\/div>\n\t\t\t\t<\/div>\n\t\t\t\t\t<\/div>\n\t\t<\/div>\n\t\t\t\t<div class=\"elementor-column elementor-col-50 elementor-top-column elementor-element elementor-element-7b9c14a\" data-id=\"7b9c14a\" data-element_type=\"column\" data-e-type=\"column\">\n\t\t\t<div class=\"elementor-widget-wrap elementor-element-populated\">\n\t\t\t\t\t\t<div class=\"elementor-element elementor-element-a15f95a elementor-widget elementor-widget-heading\" data-id=\"a15f95a\" data-element_type=\"widget\" data-e-type=\"widget\" data-widget_type=\"heading.default\">\n\t\t\t\t<div class=\"elementor-widget-container\">\n\t\t\t\t\t<h2 class=\"elementor-heading-title elementor-size-default\">Env\u00edenos su mensaje<\/h2>\t\t\t\t<\/div>\n\t\t\t\t<\/div>\n\t\t\t\t<div class=\"elementor-element elementor-element-9f2f7da elementor-widget elementor-widget-shortcode\" data-id=\"9f2f7da\" data-element_type=\"widget\" data-e-type=\"widget\" data-widget_type=\"shortcode.default\">\n\t\t\t\t<div class=\"elementor-widget-container\">\n\t\t\t\t\t\t\t<div class=\"elementor-shortcode\"><div class=\"wpforms-container wpforms-container-full\" id=\"wpforms-338\"><form id=\"wpforms-form-338\" class=\"wpforms-validate wpforms-form\" data-formid=\"338\" method=\"post\" enctype=\"multipart\/form-data\" action=\"\/sp\/wp-json\/wp\/v2\/pages\/329\" data-token=\"72a78b89250270922aeb5cfe8577be77\" data-token-time=\"1777538080\"><noscript class=\"wpforms-error-noscript\">Por favor, activa JavaScript en tu navegador para completar este formulario.<\/noscript><div class=\"wpforms-field-container\"><div id=\"wpforms-338-field_0-container\" class=\"wpforms-field wpforms-field-name wpforms-one-half wpforms-first\" data-field-id=\"0\"><label class=\"wpforms-field-label\" for=\"wpforms-338-field_0\">Nombre <span class=\"wpforms-required-label\">*<\/span><\/label><input type=\"text\" id=\"wpforms-338-field_0\" class=\"wpforms-field-large wpforms-field-required\" name=\"wpforms[fields][0]\" required><\/div><div id=\"wpforms-338-field_4-container\" class=\"wpforms-field wpforms-field-number wpforms-one-half\" data-field-id=\"4\"><label class=\"wpforms-field-label\" for=\"wpforms-338-field_4\">Tel\u00e9fono <span class=\"wpforms-required-label\">*<\/span><\/label><input type=\"number\" id=\"wpforms-338-field_4\" class=\"wpforms-field-large wpforms-field-required\" name=\"wpforms[fields][4]\" step=\"any\" required><\/div><div id=\"wpforms-338-field_1-container\" class=\"wpforms-field wpforms-field-email\" data-field-id=\"1\"><label class=\"wpforms-field-label\" for=\"wpforms-338-field_1\">Email <span class=\"wpforms-required-label\">*<\/span><\/label><input type=\"email\" id=\"wpforms-338-field_1\" class=\"wpforms-field-medium wpforms-field-required\" name=\"wpforms[fields][1]\" spellcheck=\"false\" required><\/div><div id=\"wpforms-338-field_2-container\" class=\"wpforms-field wpforms-field-textarea\" data-field-id=\"2\"><label class=\"wpforms-field-label\" for=\"wpforms-338-field_2\">Mensaje <span class=\"wpforms-required-label\">*<\/span><\/label><textarea id=\"wpforms-338-field_2\" class=\"wpforms-field-medium wpforms-field-required\" name=\"wpforms[fields][2]\" required><\/textarea><\/div><\/div><!-- .wpforms-field-container --><div class=\"wpforms-field wpforms-field-hp\"><label for=\"wpforms-338-field-hp\" class=\"wpforms-field-label\">Website<\/label><input type=\"text\" name=\"wpforms[hp]\" id=\"wpforms-338-field-hp\" class=\"wpforms-field-medium\"><\/div><div class=\"wpforms-submit-container\" ><input type=\"hidden\" name=\"wpforms[id]\" value=\"338\"><input type=\"hidden\" name=\"page_title\" value=\"\"><input type=\"hidden\" name=\"page_url\" value=\"https:\/\/lamazatleca.com\/sp\/wp-json\/wp\/v2\/pages\/329\"><input type=\"hidden\" name=\"url_referer\" value=\"\"><button type=\"submit\" name=\"wpforms[submit]\" id=\"wpforms-submit-338\" class=\"wpforms-submit\" data-alt-text=\"Enviando...\" data-submit-text=\"Enviar\" aria-live=\"assertive\" value=\"wpforms-submit\">Enviar<\/button><\/div><\/form><\/div>  <!-- .wpforms-container --><\/div>\n\t\t\t\t\t\t<\/div>\n\t\t\t\t<\/div>\n\t\t\t\t<div class=\"elementor-element elementor-element-84ad3cc elementor-widget elementor-widget-text-editor\" data-id=\"84ad3cc\" data-element_type=\"widget\" data-e-type=\"widget\" data-widget_type=\"text-editor.default\">\n\t\t\t\t<div class=\"elementor-widget-container\">\n\t\t\t\t\t\t\t\t\t<p><span style=\"color: #993300;\"><strong>IMPORTANTE<\/strong><\/span><br \/>Reservaciones sujetas a disponibilidad. Al solicitar su reservaci\u00f3n se le dar\u00e1 <strong>confirmaci\u00f3n mediante una llamada<\/strong> al n\u00famero de tel\u00e9fono registrado.\u00a0<\/p><p>Una ves confirmada su reservaci\u00f3n, se le pide de la manera m\u00e1s atenta llegar al restaurante a la<strong> hora reservada.\u00a0<\/strong><\/p>\t\t\t\t\t\t\t\t<\/div>\n\t\t\t\t<\/div>\n\t\t\t\t\t<\/div>\n\t\t<\/div>\n\t\t\t\t\t<\/div>\n\t\t<\/section>\n\t\t\t\t<\/div>\n\t\t","protected":false},"excerpt":{"rendered":"<p>Informes \u00f3 reservaciones Tel. 8140585427 Pregunte por nuestros paquetes para eventos especiales; sociales o empresariales.\u00a0 HORARIO8 am &#8211; 12 pm.De Lunes a Domingo. Env\u00edenos su mensaje IMPORTANTEReservaciones sujetas a disponibilidad. Al solicitar su reservaci\u00f3n se le dar\u00e1 confirmaci\u00f3n mediante una llamada al n\u00famero de tel\u00e9fono registrado.\u00a0 Una ves confirmada su reservaci\u00f3n, se le pide de [&hellip;]<\/p>\n","protected":false},"author":1,"featured_media":0,"parent":0,"menu_order":0,"comment_status":"closed","ping_status":"closed","template":"elementor_header_footer","meta":{"_monsterinsights_skip_tracking":false,"_monsterinsights_sitenote_active":false,"_monsterinsights_sitenote_note":"","_monsterinsights_sitenote_category":0,"_joinchat":[],"footnotes":""},"class_list":["post-329","page","type-page","status-publish","czr-hentry"],"yoast_head":"<!-- This site is optimized with the Yoast SEO plugin v27.5 - https:\/\/yoast.com\/product\/yoast-seo-wordpress\/ -->\n<title>La Mazatleca - Restaurante de Mariscos Mazatl\u00e1n - Contacto<\/title>\n<meta name=\"description\" content=\"La Mazatleca es un restaurante a la carta de ambiente familiar, cuya cocina fusiona cocina del mar con los sabores tradicionales del puerto de Mazatl\u00e1n,\" \/>\n<meta name=\"robots\" content=\"index, follow, max-snippet:-1, max-image-preview:large, max-video-preview:-1\" \/>\n<link rel=\"canonical\" href=\"https:\/\/lamazatleca.com\/sp\/contacto\/\" \/>\n<meta property=\"og:locale\" content=\"es_MX\" \/>\n<meta property=\"og:type\" content=\"article\" \/>\n<meta property=\"og:title\" content=\"La Mazatleca - Restaurante de Mariscos Mazatl\u00e1n - Contacto\" \/>\n<meta property=\"og:description\" content=\"La Mazatleca es un restaurante a la carta de ambiente familiar, cuya cocina fusiona cocina del mar con los sabores tradicionales del puerto de Mazatl\u00e1n,\" \/>\n<meta property=\"og:url\" content=\"https:\/\/lamazatleca.com\/sp\/contacto\/\" \/>\n<meta property=\"og:site_name\" content=\"La Mazatleca\" \/>\n<meta property=\"article:modified_time\" content=\"2023-10-06T18:45:44+00:00\" \/>\n<meta name=\"twitter:card\" content=\"summary_large_image\" \/>\n<meta name=\"twitter:label1\" content=\"Tiempo de lectura\" \/>\n\t<meta name=\"twitter:data1\" content=\"1 minuto\" \/>\n<script type=\"application\/ld+json\" class=\"yoast-schema-graph\">{\"@context\":\"https:\\\/\\\/schema.org\",\"@graph\":[{\"@type\":\"WebPage\",\"@id\":\"https:\\\/\\\/lamazatleca.com\\\/sp\\\/contacto\\\/\",\"url\":\"https:\\\/\\\/lamazatleca.com\\\/sp\\\/contacto\\\/\",\"name\":\"La Mazatleca - Restaurante de Mariscos Mazatl\u00e1n - Contacto\",\"isPartOf\":{\"@id\":\"https:\\\/\\\/lamazatleca.com\\\/sp\\\/#website\"},\"datePublished\":\"2018-07-23T22:16:35+00:00\",\"dateModified\":\"2023-10-06T18:45:44+00:00\",\"description\":\"La Mazatleca es un restaurante a la carta de ambiente familiar, cuya cocina fusiona cocina del mar con los sabores tradicionales del puerto de Mazatl\u00e1n,\",\"breadcrumb\":{\"@id\":\"https:\\\/\\\/lamazatleca.com\\\/sp\\\/contacto\\\/#breadcrumb\"},\"inLanguage\":\"es\",\"potentialAction\":[{\"@type\":\"ReadAction\",\"target\":[\"https:\\\/\\\/lamazatleca.com\\\/sp\\\/contacto\\\/\"]}]},{\"@type\":\"BreadcrumbList\",\"@id\":\"https:\\\/\\\/lamazatleca.com\\\/sp\\\/contacto\\\/#breadcrumb\",\"itemListElement\":[{\"@type\":\"ListItem\",\"position\":1,\"name\":\"Home\",\"item\":\"https:\\\/\\\/lamazatleca.com\\\/sp\\\/\"},{\"@type\":\"ListItem\",\"position\":2,\"name\":\"Contacto\"}]},{\"@type\":\"WebSite\",\"@id\":\"https:\\\/\\\/lamazatleca.com\\\/sp\\\/#website\",\"url\":\"https:\\\/\\\/lamazatleca.com\\\/sp\\\/\",\"name\":\"La Mazatleca\",\"description\":\"Restaurante de Mariscos \\\/ Una nueva tradici\u00f3n.\",\"potentialAction\":[{\"@type\":\"SearchAction\",\"target\":{\"@type\":\"EntryPoint\",\"urlTemplate\":\"https:\\\/\\\/lamazatleca.com\\\/sp\\\/?s={search_term_string}\"},\"query-input\":{\"@type\":\"PropertyValueSpecification\",\"valueRequired\":true,\"valueName\":\"search_term_string\"}}],\"inLanguage\":\"es\"}]}<\/script>\n<!-- \/ Yoast SEO plugin. -->","yoast_head_json":{"title":"La Mazatleca - Restaurante de Mariscos Mazatl\u00e1n - Contacto","description":"La Mazatleca es un restaurante a la carta de ambiente familiar, cuya cocina fusiona cocina del mar con los sabores tradicionales del puerto de Mazatl\u00e1n,","robots":{"index":"index","follow":"follow","max-snippet":"max-snippet:-1","max-image-preview":"max-image-preview:large","max-video-preview":"max-video-preview:-1"},"canonical":"https:\/\/lamazatleca.com\/sp\/contacto\/","og_locale":"es_MX","og_type":"article","og_title":"La Mazatleca - Restaurante de Mariscos Mazatl\u00e1n - Contacto","og_description":"La Mazatleca es un restaurante a la carta de ambiente familiar, cuya cocina fusiona cocina del mar con los sabores tradicionales del puerto de Mazatl\u00e1n,","og_url":"https:\/\/lamazatleca.com\/sp\/contacto\/","og_site_name":"La Mazatleca","article_modified_time":"2023-10-06T18:45:44+00:00","twitter_card":"summary_large_image","twitter_misc":{"Tiempo de lectura":"1 minuto"},"schema":{"@context":"https:\/\/schema.org","@graph":[{"@type":"WebPage","@id":"https:\/\/lamazatleca.com\/sp\/contacto\/","url":"https:\/\/lamazatleca.com\/sp\/contacto\/","name":"La Mazatleca - Restaurante de Mariscos Mazatl\u00e1n - Contacto","isPartOf":{"@id":"https:\/\/lamazatleca.com\/sp\/#website"},"datePublished":"2018-07-23T22:16:35+00:00","dateModified":"2023-10-06T18:45:44+00:00","description":"La Mazatleca es un restaurante a la carta de ambiente familiar, cuya cocina fusiona cocina del mar con los sabores tradicionales del puerto de Mazatl\u00e1n,","breadcrumb":{"@id":"https:\/\/lamazatleca.com\/sp\/contacto\/#breadcrumb"},"inLanguage":"es","potentialAction":[{"@type":"ReadAction","target":["https:\/\/lamazatleca.com\/sp\/contacto\/"]}]},{"@type":"BreadcrumbList","@id":"https:\/\/lamazatleca.com\/sp\/contacto\/#breadcrumb","itemListElement":[{"@type":"ListItem","position":1,"name":"Home","item":"https:\/\/lamazatleca.com\/sp\/"},{"@type":"ListItem","position":2,"name":"Contacto"}]},{"@type":"WebSite","@id":"https:\/\/lamazatleca.com\/sp\/#website","url":"https:\/\/lamazatleca.com\/sp\/","name":"La Mazatleca","description":"Restaurante de Mariscos \/ Una nueva tradici\u00f3n.","potentialAction":[{"@type":"SearchAction","target":{"@type":"EntryPoint","urlTemplate":"https:\/\/lamazatleca.com\/sp\/?s={search_term_string}"},"query-input":{"@type":"PropertyValueSpecification","valueRequired":true,"valueName":"search_term_string"}}],"inLanguage":"es"}]}},"_links":{"self":[{"href":"https:\/\/lamazatleca.com\/sp\/wp-json\/wp\/v2\/pages\/329","targetHints":{"allow":["GET"]}}],"collection":[{"href":"https:\/\/lamazatleca.com\/sp\/wp-json\/wp\/v2\/pages"}],"about":[{"href":"https:\/\/lamazatleca.com\/sp\/wp-json\/wp\/v2\/types\/page"}],"author":[{"embeddable":true,"href":"https:\/\/lamazatleca.com\/sp\/wp-json\/wp\/v2\/users\/1"}],"replies":[{"embeddable":true,"href":"https:\/\/lamazatleca.com\/sp\/wp-json\/wp\/v2\/comments?post=329"}],"version-history":[{"count":10,"href":"https:\/\/lamazatleca.com\/sp\/wp-json\/wp\/v2\/pages\/329\/revisions"}],"predecessor-version":[{"id":527,"href":"https:\/\/lamazatleca.com\/sp\/wp-json\/wp\/v2\/pages\/329\/revisions\/527"}],"wp:attachment":[{"href":"https:\/\/lamazatleca.com\/sp\/wp-json\/wp\/v2\/media?parent=329"}],"curies":[{"name":"wp","href":"https:\/\/api.w.org\/{rel}","templated":true}]}}